{"id":15651,"date":"2022-11-14T04:36:19","date_gmt":"2022-11-14T04:36:19","guid":{"rendered":"https:\/\/pricom.harutheme.com\/service\/?page_id=15651"},"modified":"2025-03-04T15:13:51","modified_gmt":"2025-03-04T15:13:51","slug":"faqs","status":"publish","type":"page","link":"https:\/\/xxm.pl\/index.php\/faqs\/","title":{"rendered":"FAQs"},"content":{"rendered":"\t\t<div data-elementor-type=\"wp-page\" data-elementor-id=\"15651\" class=\"elementor elementor-15651\">\n\t\t\t\t<div class=\"elementor-element elementor-element-9ac7f62 section-faqs-2 e-flex e-con-boxed e-con e-parent\" data-id=\"9ac7f62\" data-element_type=\"container\">\n\t\t\t\t\t<div class=\"e-con-inner\">\n\t\t<div class=\"elementor-element elementor-element-fcd9035 e-con-full e-flex e-con e-child\" data-id=\"fcd9035\" data-element_type=\"container\">\n\t\t\t\t<div class=\"elementor-element elementor-element-7e07803 elementor-widget elementor-widget-haru-heading\" data-id=\"7e07803\" data-element_type=\"widget\" data-widget_type=\"haru-heading.default\">\n\t\t\t\t<div class=\"elementor-widget-container\">\n\t\t\t\t\t<h2 class=\"haru-heading-title haru-heading-title--heading-1\">Najcz\u0119\u015bciej zadawane pytania<\/h2>\t\t\t\t<\/div>\n\t\t\t\t<\/div>\n\t\t\t\t<div class=\"elementor-element elementor-element-6db5f5d elementor-widget elementor-widget-haru-heading\" data-id=\"6db5f5d\" data-element_type=\"widget\" data-widget_type=\"haru-heading.default\">\n\t\t\t\t<div class=\"elementor-widget-container\">\n\t\t\t\t\t<h2 class=\"haru-heading-title haru-heading-title--description-1\">- zobacz co odpowiadamy \ud83d\ude09<\/h2>\t\t\t\t<\/div>\n\t\t\t\t<\/div>\n\t\t\t\t<\/div>\n\t\t\t\t\t<\/div>\n\t\t\t\t<\/div>\n\t\t<div class=\"elementor-element elementor-element-6d8510b e-flex e-con-boxed e-con e-parent\" data-id=\"6d8510b\" data-element_type=\"container\">\n\t\t\t\t\t<div class=\"e-con-inner\">\n\t\t<div class=\"elementor-element elementor-element-1da090f e-con-full e-flex e-con e-child\" data-id=\"1da090f\" data-element_type=\"container\">\n\t\t\t\t<div class=\"elementor-element elementor-element-a81bae4 elementor-widget elementor-widget-image\" data-id=\"a81bae4\" data-element_type=\"widget\" data-widget_type=\"image.default\">\n\t\t\t\t<div class=\"elementor-widget-container\">\n\t\t\t\t\t\t\t\t\t\t\t\t\t\t\t<img fetchpriority=\"high\" decoding=\"async\" width=\"498\" height=\"351\" src=\"https:\/\/xxm.pl\/wp-content\/uploads\/2022\/11\/banner-faqs.png\" class=\"attachment-full size-full wp-image-16392\" alt=\"\" srcset=\"https:\/\/xxm.pl\/wp-content\/uploads\/2022\/11\/banner-faqs.png 498w, https:\/\/xxm.pl\/wp-content\/uploads\/2022\/11\/banner-faqs-300x211.png 300w, https:\/\/xxm.pl\/wp-content\/uploads\/2022\/11\/banner-faqs-220x154.png 220w\" sizes=\"(max-width: 498px) 100vw, 498px\" \/>\t\t\t\t\t\t\t\t\t\t\t\t\t\t\t<\/div>\n\t\t\t\t<\/div>\n\t\t\t\t<\/div>\n\t\t<div class=\"elementor-element elementor-element-d9aba15 e-con-full e-flex e-con e-child\" data-id=\"d9aba15\" data-element_type=\"container\">\n\t\t\t\t<div class=\"elementor-element elementor-element-ec44274 elementor-widget elementor-widget-haru-accordion\" data-id=\"ec44274\" data-element_type=\"widget\" data-widget_type=\"haru-accordion.default\">\n\t\t\t\t<div class=\"elementor-widget-container\">\n\t\t\t\t\t\n                          <!--   <div class=\"haru-accordion haru-accordion--style-3\" role=\"tablist\">\n                                    <\/div> -->\n                <div class=\"haru-accordion haru-accordion--style-3\" role=\"tablist\">\n                                            <div class=\"haru-accordion-item\">\n                            <div id=\"haru-tab-title-2471\" class=\"haru-tab-title active\" data-tab=\"1\" role=\"tab\" aria-controls=\"haru-tab-content-2471\">\n                                                                    <span class=\"haru-accordion-icon haru-accordion-icon-right\" aria-hidden=\"true\">\n                                                                            <span class=\"haru-accordion-icon-closed\"><i class=\"phosphor phosphor-caret-down\"><\/i><\/span>\n                                        <span class=\"haru-accordion-icon-opened\"><i class=\"phosphor phosphor-caret-up\"><\/i><\/span>\n                                                                        <\/span>\n                                                                <a class=\"haru-accordion-title\" href=\"\">Jakie materia\u0142y oferujecie w druku wielkoformatowym?<\/a>\n                            <\/div>\n                            <div id=\"haru-tab-content-2471\" class=\"haru-tab-content haru-clearfix active\" data-tab=\"1\" aria-labelledby=\"haru-tab-title-2471\"><p>Drukujemy na banerach, siatkach mesh, foliach samoprzylepnych, p\u0142\u00f3tnach, papierze plakatowym i innych materia\u0142ach dostosowanych do r\u00f3\u017cnych zastosowa\u0144.<\/p><\/div>\n                        <\/div>\n                                            <div class=\"haru-accordion-item\">\n                            <div id=\"haru-tab-title-2472\" class=\"haru-tab-title\" data-tab=\"2\" role=\"tab\" aria-controls=\"haru-tab-content-2472\">\n                                                                    <span class=\"haru-accordion-icon haru-accordion-icon-right\" aria-hidden=\"true\">\n                                                                            <span class=\"haru-accordion-icon-closed\"><i class=\"phosphor phosphor-caret-down\"><\/i><\/span>\n                                        <span class=\"haru-accordion-icon-opened\"><i class=\"phosphor phosphor-caret-up\"><\/i><\/span>\n                                                                        <\/span>\n                                                                <a class=\"haru-accordion-title\" href=\"\">Jaki jest czas realizacji zam\u00f3wienia?<\/a>\n                            <\/div>\n                            <div id=\"haru-tab-content-2472\" class=\"haru-tab-content haru-clearfix\" data-tab=\"2\" aria-labelledby=\"haru-tab-title-2472\"><p>Standardowy czas realizacji to 2-5 dni roboczych, w zale\u017cno\u015bci od rodzaju i wielko\u015bci zam\u00f3wienia. Oferujemy tak\u017ce ekspresow\u0105 produkcj\u0119.<\/p><\/div>\n                        <\/div>\n                                            <div class=\"haru-accordion-item\">\n                            <div id=\"haru-tab-title-2473\" class=\"haru-tab-title\" data-tab=\"3\" role=\"tab\" aria-controls=\"haru-tab-content-2473\">\n                                                                    <span class=\"haru-accordion-icon haru-accordion-icon-right\" aria-hidden=\"true\">\n                                                                            <span class=\"haru-accordion-icon-closed\"><i class=\"phosphor phosphor-caret-down\"><\/i><\/span>\n                                        <span class=\"haru-accordion-icon-opened\"><i class=\"phosphor phosphor-caret-up\"><\/i><\/span>\n                                                                        <\/span>\n                                                                <a class=\"haru-accordion-title\" href=\"\">Czy mog\u0119 zam\u00f3wi\u0107 druk z w\u0142asnym projektem?<\/a>\n                            <\/div>\n                            <div id=\"haru-tab-content-2473\" class=\"haru-tab-content haru-clearfix\" data-tab=\"3\" aria-labelledby=\"haru-tab-title-2473\"><p>Czy mog\u0119 zam\u00f3wi\u0107 druk z w\u0142asnym projektem?<\/p><\/div>\n                        <\/div>\n                                            <div class=\"haru-accordion-item\">\n                            <div id=\"haru-tab-title-2474\" class=\"haru-tab-title\" data-tab=\"4\" role=\"tab\" aria-controls=\"haru-tab-content-2474\">\n                                                                    <span class=\"haru-accordion-icon haru-accordion-icon-right\" aria-hidden=\"true\">\n                                                                            <span class=\"haru-accordion-icon-closed\"><i class=\"phosphor phosphor-caret-down\"><\/i><\/span>\n                                        <span class=\"haru-accordion-icon-opened\"><i class=\"phosphor phosphor-caret-up\"><\/i><\/span>\n                                                                        <\/span>\n                                                                <a class=\"haru-accordion-title\" href=\"\">Czy oferujecie wysy\u0142k\u0119 zam\u00f3wienia?<\/a>\n                            <\/div>\n                            <div id=\"haru-tab-content-2474\" class=\"haru-tab-content haru-clearfix\" data-tab=\"4\" aria-labelledby=\"haru-tab-title-2474\"><p>Czy oferujecie wysy\u0142k\u0119 zam\u00f3wienia?<\/p><\/div>\n                        <\/div>\n                                            <div class=\"haru-accordion-item\">\n                            <div id=\"haru-tab-title-2475\" class=\"haru-tab-title\" data-tab=\"5\" role=\"tab\" aria-controls=\"haru-tab-content-2475\">\n                                                                    <span class=\"haru-accordion-icon haru-accordion-icon-right\" aria-hidden=\"true\">\n                                                                            <span class=\"haru-accordion-icon-closed\"><i class=\"phosphor phosphor-caret-down\"><\/i><\/span>\n                                        <span class=\"haru-accordion-icon-opened\"><i class=\"phosphor phosphor-caret-up\"><\/i><\/span>\n                                                                        <\/span>\n                                                                <a class=\"haru-accordion-title\" href=\"\">Jak przygotowa\u0107 plik do druku?<\/a>\n                            <\/div>\n                            <div id=\"haru-tab-content-2475\" class=\"haru-tab-content haru-clearfix\" data-tab=\"5\" aria-labelledby=\"haru-tab-title-2475\"><p>Jak przygotowa\u0107 plik do druku?<\/p><\/div>\n                        <\/div>\n                    \n                                    <\/div>\n            \n            \t\t\t\t<\/div>\n\t\t\t\t<\/div>\n\t\t\t\t<\/div>\n\t\t\t\t\t<\/div>\n\t\t\t\t<\/div>\n\t\t<div class=\"elementor-element elementor-element-29ea7ff section-bg-gradient-orange section-overflow-hidden e-flex e-con-boxed e-con e-parent\" data-id=\"29ea7ff\" data-element_type=\"container\" data-settings=\"{&quot;background_background&quot;:&quot;gradient&quot;}\">\n\t\t\t\t\t<div class=\"e-con-inner\">\n\t\t<div class=\"elementor-element elementor-element-420ba8d e-con-full e-flex e-con e-child\" data-id=\"420ba8d\" data-element_type=\"container\">\n\t\t\t\t<div class=\"elementor-element elementor-element-c718c75 elementor-widget elementor-widget-haru-heading\" data-id=\"c718c75\" data-element_type=\"widget\" data-widget_type=\"haru-heading.default\">\n\t\t\t\t<div class=\"elementor-widget-container\">\n\t\t\t\t\t<div class=\"background-dark\"><h2 class=\"haru-heading-title haru-heading-title--heading-2\">Zaczynamy wsp\u00f3\u0142prac\u0119?<\/h2><\/div>\t\t\t\t<\/div>\n\t\t\t\t<\/div>\n\t\t\t\t<div class=\"elementor-element elementor-element-9b5f4c3 elementor-widget__width-initial elementor-absolute e-transform elementor-widget elementor-widget-haru-decor\" data-id=\"9b5f4c3\" data-element_type=\"widget\" data-settings=\"{&quot;pre_style&quot;:&quot;style-2&quot;,&quot;_position&quot;:&quot;absolute&quot;,&quot;_transform_rotateZ_effect&quot;:{&quot;unit&quot;:&quot;px&quot;,&quot;size&quot;:112,&quot;sizes&quot;:[]},&quot;_transform_rotateZ_effect_tablet&quot;:{&quot;unit&quot;:&quot;deg&quot;,&quot;size&quot;:&quot;&quot;,&quot;sizes&quot;:[]},&quot;_transform_rotateZ_effect_mobile&quot;:{&quot;unit&quot;:&quot;deg&quot;,&quot;size&quot;:&quot;&quot;,&quot;sizes&quot;:[]}}\" data-widget_type=\"haru-decor.default\">\n\t\t\t\t<div class=\"elementor-widget-container\">\n\t\t\t\t\t\n        \t\t        \t<div class=\"haru-decor haru-decor--style-2\">\n\t        \t\t\n<div class=\"haru-decor__content\">\n\t\n        <div class=\"haru-decor__circle haru-decor__circle--gradient-2\" style=\"background: linear-gradient(216.35deg, #FFFFFF8F 14.79%, #FFFFFF00 93.62% );\">\n    <\/div>\n    \n    \n    \n    \n    \n    \n    <\/div>\n\n\t    \t\t<\/div>\n    \t\t\n    \t\t\t\t\t\t<\/div>\n\t\t\t\t<\/div>\n\t\t\t\t<div class=\"elementor-element elementor-element-6b9dd06 elementor-widget__width-initial elementor-absolute e-transform elementor-widget elementor-widget-haru-decor\" data-id=\"6b9dd06\" data-element_type=\"widget\" data-settings=\"{&quot;pre_style&quot;:&quot;style-2&quot;,&quot;_position&quot;:&quot;absolute&quot;,&quot;_transform_rotateZ_effect&quot;:{&quot;unit&quot;:&quot;px&quot;,&quot;size&quot;:112,&quot;sizes&quot;:[]},&quot;_transform_rotateZ_effect_tablet&quot;:{&quot;unit&quot;:&quot;deg&quot;,&quot;size&quot;:&quot;&quot;,&quot;sizes&quot;:[]},&quot;_transform_rotateZ_effect_mobile&quot;:{&quot;unit&quot;:&quot;deg&quot;,&quot;size&quot;:&quot;&quot;,&quot;sizes&quot;:[]}}\" data-widget_type=\"haru-decor.default\">\n\t\t\t\t<div class=\"elementor-widget-container\">\n\t\t\t\t\t\n        \t\t        \t<div class=\"haru-decor haru-decor--style-2\">\n\t        \t\t\n<div class=\"haru-decor__content\">\n\t\n        <div class=\"haru-decor__circle haru-decor__circle--gradient-2\" style=\"background: linear-gradient(216.35deg, #FFFFFF8F 14.79%, #FFFFFF00 93.62% );\">\n    <\/div>\n    \n    \n    \n    \n    \n    \n    <\/div>\n\n\t    \t\t<\/div>\n    \t\t\n    \t\t\t\t\t\t<\/div>\n\t\t\t\t<\/div>\n\t\t\t\t<div class=\"elementor-element elementor-element-f40a400 elementor-widget elementor-widget-haru-heading\" data-id=\"f40a400\" data-element_type=\"widget\" data-widget_type=\"haru-heading.default\">\n\t\t\t\t<div class=\"elementor-widget-container\">\n\t\t\t\t\t<div class=\"background-dark\"><h2 class=\"haru-heading-title haru-heading-title--sub-heading-2\">Drukujemy lokalnie, widocznie na ca\u0142ym \u015bwiecie!<\/h2><\/div>\t\t\t\t<\/div>\n\t\t\t\t<\/div>\n\t\t<div class=\"elementor-element elementor-element-d90c628 e-con-full e-flex e-con e-child\" data-id=\"d90c628\" data-element_type=\"container\">\n\t\t\t\t<div class=\"elementor-element elementor-element-820861c haru-align-left el-inline-block elementor-widget elementor-widget-haru-button\" data-id=\"820861c\" data-element_type=\"widget\" data-widget_type=\"haru-button.default\">\n\t\t\t\t<div class=\"elementor-widget-container\">\n\t\t\t\t\t\n        \t<div class=\"haru-button-wrap\">\n        \t\t<a class=\"haru-button--shadow-yes haru-button elementor-button1 haru-button--style-6 haru-button--bg-white haru-button--size-medium haru-button--round-normal elementor-button-link1 haru-button-link\" role=\"button\" href=\"https:\/\/xxm.pl\/index.php\/contact-us\/\">\n        \t\t\t\t\t\t<span class=\"elementor-button-content-wrapper1 haru-button-content-wrapper\">\n\t\t\t\t\t\t\t\t<span class=\"haru-button-icon haru-align-icon-right\">\n\t\t\t\t\t<i aria-hidden=\"true\" class=\"phosphor phosphor-arrow-right\"><\/i>\t\t\t\t<\/span>\n\t\t\t\t\t\t\t\t<span class=\"elementor-button-text1 haru-button-text\">Skontaktuj si\u0119 z nami!<\/span>\n\t\t\t<\/span>\n\t\t\t    \t\t\t<\/a>\n    \t\t<\/div>\n\n    \t\t\t\t\t\t<\/div>\n\t\t\t\t<\/div>\n\t\t\t\t<\/div>\n\t\t\t\t<\/div>\n\t\t<div class=\"elementor-element elementor-element-4abbbce e-con-full e-flex e-con e-child\" data-id=\"4abbbce\" data-element_type=\"container\">\n\t\t\t\t<div class=\"elementor-element elementor-element-c7d9661 elementor-widget__width-initial elementor-absolute elementor-widget elementor-widget-haru-decor\" data-id=\"c7d9661\" data-element_type=\"widget\" data-settings=\"{&quot;pre_style&quot;:&quot;style-4&quot;,&quot;_position&quot;:&quot;absolute&quot;}\" data-widget_type=\"haru-decor.default\">\n\t\t\t\t<div class=\"elementor-widget-container\">\n\t\t\t\t\t\n        \t\t        \t<div class=\"haru-decor haru-decor--style-4\">\n\t        \t\t\n<div class=\"haru-decor__content\">\n\t\n    \n    \n        <div class=\"haru-decor__ellipse haru-decor__dotted\" style=\"background-image: radial-gradient(circle, #FFFFFF 2px, transparent 0)\">\n    <\/div>\n    \n    \n    \n    \n    <\/div>\n\n\t    \t\t<\/div>\n    \t\t\n    \t\t\t\t\t\t<\/div>\n\t\t\t\t<\/div>\n\t\t\t\t<div class=\"elementor-element elementor-element-1fca9d2 elementor-widget__width-initial elementor-absolute elementor-widget elementor-widget-haru-decor\" data-id=\"1fca9d2\" data-element_type=\"widget\" data-settings=\"{&quot;pre_style&quot;:&quot;style-2&quot;,&quot;_position&quot;:&quot;absolute&quot;}\" data-widget_type=\"haru-decor.default\">\n\t\t\t\t<div class=\"elementor-widget-container\">\n\t\t\t\t\t\n        \t\t        \t<div class=\"haru-decor haru-decor--style-2\">\n\t        \t\t\n<div class=\"haru-decor__content\">\n\t\n        <div class=\"haru-decor__circle haru-decor__circle--gradient-2\" style=\"background: linear-gradient(216.35deg, #FFFFFF8F 14.79%, #FFFFFF00 93.62% );\">\n    <\/div>\n    \n    \n    \n    \n    \n    \n    <\/div>\n\n\t    \t\t<\/div>\n    \t\t\n    \t\t\t\t\t\t<\/div>\n\t\t\t\t<\/div>\n\t\t\t\t<div class=\"elementor-element elementor-element-37e697d elementor-widget__width-initial elementor-absolute elementor-widget elementor-widget-haru-decor\" data-id=\"37e697d\" data-element_type=\"widget\" data-settings=\"{&quot;pre_style&quot;:&quot;style-4&quot;,&quot;_position&quot;:&quot;absolute&quot;}\" data-widget_type=\"haru-decor.default\">\n\t\t\t\t<div class=\"elementor-widget-container\">\n\t\t\t\t\t\n        \t\t        \t<div class=\"haru-decor haru-decor--style-4\">\n\t        \t\t\n<div class=\"haru-decor__content\">\n\t\n    \n    \n        <div class=\"haru-decor__ellipse haru-decor__dotted\" style=\"background-image: radial-gradient(circle, #FFFFFF 2px, transparent 0)\">\n    <\/div>\n    \n    \n    \n    \n    <\/div>\n\n\t    \t\t<\/div>\n    \t\t\n    \t\t\t\t\t\t<\/div>\n\t\t\t\t<\/div>\n\t\t\t\t<div class=\"elementor-element elementor-element-d04f35f elementor-widget elementor-widget-image\" data-id=\"d04f35f\" data-element_type=\"widget\" data-widget_type=\"image.default\">\n\t\t\t\t<div class=\"elementor-widget-container\">\n\t\t\t\t\t\t\t\t\t\t\t\t\t\t\t<img decoding=\"async\" width=\"2500\" height=\"1800\" src=\"https:\/\/xxm.pl\/wp-content\/uploads\/2025\/02\/Banner_Mockup_300x125_1.png\" class=\"attachment-full size-full wp-image-17638\" alt=\"\" srcset=\"https:\/\/xxm.pl\/wp-content\/uploads\/2025\/02\/Banner_Mockup_300x125_1.png 2500w, https:\/\/xxm.pl\/wp-content\/uploads\/2025\/02\/Banner_Mockup_300x125_1-600x432.png 600w, https:\/\/xxm.pl\/wp-content\/uploads\/2025\/02\/Banner_Mockup_300x125_1-300x216.png 300w, https:\/\/xxm.pl\/wp-content\/uploads\/2025\/02\/Banner_Mockup_300x125_1-1024x737.png 1024w, https:\/\/xxm.pl\/wp-content\/uploads\/2025\/02\/Banner_Mockup_300x125_1-768x553.png 768w, https:\/\/xxm.pl\/wp-content\/uploads\/2025\/02\/Banner_Mockup_300x125_1-1536x1106.png 1536w, https:\/\/xxm.pl\/wp-content\/uploads\/2025\/02\/Banner_Mockup_300x125_1-2048x1475.png 2048w\" sizes=\"(max-width: 2500px) 100vw, 2500px\" \/>\t\t\t\t\t\t\t\t\t\t\t\t\t\t\t<\/div>\n\t\t\t\t<\/div>\n\t\t\t\t<\/div>\n\t\t\t\t\t<\/div>\n\t\t\t\t<\/div>\n\t\t\t\t<\/div>\n\t\t","protected":false},"excerpt":{"rendered":"<p>Najcz\u0119\u015bciej zadawane pytania &#8211; zobacz co odpowiadamy \ud83d\ude09 Jakie materia\u0142y oferujecie w druku wielkoformatowym? Drukujemy na banerach, siatkach mesh, foliach samoprzylepnych, p\u0142\u00f3tnach, papierze plakatowym i innych materia\u0142ach dostosowanych do r\u00f3\u017cnych zastosowa\u0144. Jaki jest czas realizacji zam\u00f3wienia? Standardowy czas realizacji to 2-5 dni roboczych, w zale\u017cno\u015bci od rodzaju i wielko\u015bci zam\u00f3wienia. Oferujemy tak\u017ce ekspresow\u0105 produkcj\u0119. Czy [&hellip;]<\/p>\n","protected":false},"author":1,"featured_media":0,"parent":0,"menu_order":0,"comment_status":"closed","ping_status":"closed","template":"","meta":{"footnotes":""},"class_list":["post-15651","page","type-page","status-publish","hentry"],"_links":{"self":[{"href":"https:\/\/xxm.pl\/index.php\/wp-json\/wp\/v2\/pages\/15651","targetHints":{"allow":["GET"]}}],"collection":[{"href":"https:\/\/xxm.pl\/index.php\/wp-json\/wp\/v2\/pages"}],"about":[{"href":"https:\/\/xxm.pl\/index.php\/wp-json\/wp\/v2\/types\/page"}],"author":[{"embeddable":true,"href":"https:\/\/xxm.pl\/index.php\/wp-json\/wp\/v2\/users\/1"}],"replies":[{"embeddable":true,"href":"https:\/\/xxm.pl\/index.php\/wp-json\/wp\/v2\/comments?post=15651"}],"version-history":[{"count":9,"href":"https:\/\/xxm.pl\/index.php\/wp-json\/wp\/v2\/pages\/15651\/revisions"}],"predecessor-version":[{"id":17669,"href":"https:\/\/xxm.pl\/index.php\/wp-json\/wp\/v2\/pages\/15651\/revisions\/17669"}],"wp:attachment":[{"href":"https:\/\/xxm.pl\/index.php\/wp-json\/wp\/v2\/media?parent=15651"}],"curies":[{"name":"wp","href":"https:\/\/api.w.org\/{rel}","templated":true}]}}